{"id":1113,"date":"2022-03-24T23:06:11","date_gmt":"2022-03-25T02:06:11","guid":{"rendered":"https:\/\/dialogosinternacionais.com.br\/?page_id=1113"},"modified":"2022-04-07T16:47:08","modified_gmt":"2022-04-07T19:47:08","slug":"avaliacao-por-pares","status":"publish","type":"page","link":"https:\/\/dialogosinternacionais.com.br\/?page_id=1113","title":{"rendered":"Avalia\u00e7\u00e3o por pares"},"content":{"rendered":"\t\t<div data-elementor-type=\"wp-page\" data-elementor-id=\"1113\" class=\"elementor elementor-1113\">\n\t\t\t\t\t\t<section class=\"elementor-section elementor-top-section elementor-element elementor-element-b9d7fde elementor-section-boxed elementor-section-height-default elementor-section-height-default\" data-id=\"b9d7fde\" data-element_type=\"section\">\n\t\t\t\t\t\t<div class=\"elementor-container elementor-column-gap-default\">\n\t\t\t\t\t<div class=\"elementor-column elementor-col-100 elementor-top-column elementor-element elementor-element-02390de\" data-id=\"02390de\" data-element_type=\"column\">\n\t\t\t<div class=\"elementor-widget-wrap elementor-element-populated\">\n\t\t\t\t\t\t<div class=\"elementor-element elementor-element-af506d4 elementor-widget elementor-widget-text-editor\" data-id=\"af506d4\" data-element_type=\"widget\" data-widget_type=\"text-editor.default\">\n\t\t\t\t<div class=\"elementor-widget-container\">\n\t\t\t\t\t\t\t\t\t<div>Os textos enviados para a Revista Di\u00e1logos Internacionais s\u00e3o analisados pelos editores chefes e encaminhados para dois pareceristas externos \u00e0 revista. Com o objetivo de assegurar a integridade da avalia\u00e7\u00e3o cega por pares (<i>double blind<\/i>), os autores devem excluir do texto informa\u00e7\u00f5es que facilitem sua identifica\u00e7\u00e3o. Aos Editores cabe a decis\u00e3o final sobre a publica\u00e7\u00e3o, reservando-se o direito de sugerir modifica\u00e7\u00f5es, com o objetivo de adequ\u00e1-las \u00e0s dimens\u00f5es da revista e\/ou ao seu padr\u00e3o editorial.<\/div>\n<div>&nbsp;<\/div>\n<div>Para tornar-se avaliador da Di\u00e1logos Internacionais, responda o formul\u00e1rio a seguir que avaliaremos sua candidatura.<\/div>\t\t\t\t\t\t\t\t<\/div>\n\t\t\t\t<\/div>\n\t\t\t\t<div class=\"elementor-element elementor-element-5357dfd elementor-widget elementor-widget-shortcode\" data-id=\"5357dfd\" data-element_type=\"widget\" data-widget_type=\"shortcode.default\">\n\t\t\t\t<div class=\"elementor-widget-container\">\n\t\t\t\t\t\t\t<div class=\"elementor-shortcode\"><form id=\"forminator-module-1123\" class=\"forminator-custom-form forminator-custom-form-1123\" method=\"post\" data-forminator-render=\"0\" data-uid=\"69f1f5573ee7e\"><div role=\"alert\" aria-live=\"polite\" class=\"forminator-response-message forminator-error\" aria-hidden=\"true\"><\/div><\/form><\/div>\n\t\t\t\t\t\t<\/div>\n\t\t\t\t<\/div>\n\t\t\t\t\t<\/div>\n\t\t<\/div>\n\t\t\t\t\t<\/div>\n\t\t<\/section>\n\t\t\t\t<\/div>\n\t\t","protected":false},"excerpt":{"rendered":"<p>Os textos enviados para a Revista Di\u00e1logos Internacionais s\u00e3o analisados pelos editores chefes<\/p>\n","protected":false},"author":1,"featured_media":0,"parent":0,"menu_order":0,"comment_status":"closed","ping_status":"closed","template":"","meta":{"footnotes":""},"class_list":["post-1113","page","type-page","status-publish","hentry"],"_links":{"self":[{"href":"https:\/\/dialogosinternacionais.com.br\/index.php?rest_route=\/wp\/v2\/pages\/1113","targetHints":{"allow":["GET"]}}],"collection":[{"href":"https:\/\/dialogosinternacionais.com.br\/index.php?rest_route=\/wp\/v2\/pages"}],"about":[{"href":"https:\/\/dialogosinternacionais.com.br\/index.php?rest_route=\/wp\/v2\/types\/page"}],"author":[{"embeddable":true,"href":"https:\/\/dialogosinternacionais.com.br\/index.php?rest_route=\/wp\/v2\/users\/1"}],"replies":[{"embeddable":true,"href":"https:\/\/dialogosinternacionais.com.br\/index.php?rest_route=%2Fwp%2Fv2%2Fcomments&post=1113"}],"version-history":[{"count":10,"href":"https:\/\/dialogosinternacionais.com.br\/index.php?rest_route=\/wp\/v2\/pages\/1113\/revisions"}],"predecessor-version":[{"id":1294,"href":"https:\/\/dialogosinternacionais.com.br\/index.php?rest_route=\/wp\/v2\/pages\/1113\/revisions\/1294"}],"wp:attachment":[{"href":"https:\/\/dialogosinternacionais.com.br\/index.php?rest_route=%2Fwp%2Fv2%2Fmedia&parent=1113"}],"curies":[{"name":"wp","href":"https:\/\/api.w.org\/{rel}","templated":true}]}}