{"id":1298,"date":"2022-04-14T22:07:18","date_gmt":"2022-04-15T01:07:18","guid":{"rendered":"https:\/\/dialogosinternacionais.com.br\/?page_id=1298"},"modified":"2026-01-07T01:11:04","modified_gmt":"2026-01-07T04:11:04","slug":"diretrizes","status":"publish","type":"page","link":"https:\/\/dialogosinternacionais.com.br\/?page_id=1298","title":{"rendered":"Diretrizes para os autores"},"content":{"rendered":"<p>A Revista\u00a0<b>Di\u00e1logos Internacionais<\/b> recebe contribui\u00e7\u00f5es, em fluxo cont\u00ednuo, de artigos, an\u00e1lises, resenhas ou outros formatos, com no m\u00ednimo 1200 palavras e que n\u00e3o deve se estender por mais de 5000 palavras, que passar\u00e3o pelo parecer dos Editores e\/ou do Conselho Editorial e, se aprovadas, ser\u00e3o publicadas.<\/p>\n<p>As notas, cita\u00e7\u00f5es e bibliografia devem obedecer \u00e0s normas da ABNT. As notas explicativas devem vir no rodap\u00e9. As refer\u00eancias bibliogr\u00e1ficas devem vir no final do texto. A men\u00e7\u00e3o aos autores citados no texto deve vir entre par\u00eanteses, conforme segue: (SANTOS, 2015, p. 85), ou seja, sobrenome do autor em caixa alta, ano e p\u00e1gina da publica\u00e7\u00e3o. A refer\u00eancia completa deve constar das refer\u00eancias bibliogr\u00e1ficas. As cita\u00e7\u00f5es de mais de 4 linhas devem ser feitas em recuo e com a fonte um ponto menor.<\/p>\n<p>O texto deve ser submetido pelo <a href=\"https:\/\/dialogosinternacionais.com.br\/?page_id=778\">Formul\u00e1rio Online, <\/a>em que deve-se identificar:<\/p>\n<ul>\n<li>E-mail do(a) primeiro(a) autor(a)<\/li>\n<li>Nome do(a) primeiro(a) autor(a)<\/li>\n<li>Nome dos demais autores (opcional)<\/li>\n<li>Endere\u00e7o do curr\u00edculo lattes do(a) primeiro(a) autor(a)<\/li>\n<li>Resumo do curr\u00edculo do(a) primeiro(a) autor(a) (m\u00e1ximo 150 palavras)<\/li>\n<li>Resumo dos curr\u00edculos dos demais autores (m\u00e1ximo 150 palavras para cada autor)<\/li>\n<li>Nome do(a) orientador(a) do trabalho (obrigat\u00f3rio para estudantes de gradua\u00e7\u00e3o)<\/li>\n<li>E-mail do(a) orientador(a)<\/li>\n<li>Tipo da publica\u00e7\u00e3o (an\u00e1lise de conjuntura, artigo, resenha, texto de divulga\u00e7\u00e3o cient\u00edfica)<\/li>\n<li>Arquivo do texto (em *.doc, *.docx) e imagens do texto (opcional) (em TIF, CDR e JPG)<\/li>\n<li>Ci\u00eancia das regras da revista<\/li>\n<\/ul>\n<p>O arquivo anexado deve apresentar t\u00edtulo, 3 palavras-chave no idioma do texto, desenvolvimento do texto e refer\u00eancias.<\/p>\n<p>O texto pode ser submetido em portugu\u00eas, espanhol ou ingl\u00eas. O parecer ser\u00e1 feito em portugu\u00eas.<\/p>\n<p>O texto deve ser encaminhado <em><strong>sem<\/strong><\/em> a identifica\u00e7\u00e3o do(a) autor(a) e demais colaboradores, para que o mesmo possa ser encaminhado para os pareceristas. Para mais informa\u00e7\u00f5es, acesso a p\u00e1gina sobre <a href=\"https:\/\/dialogosinternacionais.com.br\/?page_id=1113\">avalia\u00e7\u00e3o por pares.<\/a><\/p>\n<p>Buscamos, com isso, expandir a possibilidade do exerc\u00edcio que nos propomos inicialmente, da escrita, da reflex\u00e3o e da cr\u00edtica.<\/p>\n<p>Refor\u00e7amos que os textos de graduandos s\u00e3o aceitos para submiss\u00e3o, desde que o Professor Orientador da pesquisa seja indicado, bem como seu contato por e-mail. Os Editores da Revista se reservam no direito de consultar o orientador da pesquisa caso achem necess\u00e1rio.<\/p>\n<p><b>Di\u00e1logos Internacionais\u00a0<\/b>\u00e9, portanto, uma revista de divulga\u00e7\u00e3o cient\u00edfica e cada texto \u00e9 de total e exclusiva responsabilidade de seus autores, n\u00e3o sendo os administradores, editores e conselheiros responsabilizados por pl\u00e1gios, falta de referenciamento das fontes ou abuso de direitos autorais dos textos ou imagens publicados pelos colaboradores.\u00a0Os editores se resguardam o direito de recusar textos que n\u00e3o se adequem \u00e0 proposta da revista ou que tenham qualquer cunho difamat\u00f3rio, que incite \u00f3dio, viol\u00eancia ou segrega\u00e7\u00e3o de classe, cor, g\u00eanero, origem, op\u00e7\u00f5es sexuais e etc.\u00a0Para enviar contribui\u00e7\u00f5es de textos <a href=\"https:\/\/dialogosinternacionais.com.br\/?page_id=778\">clique aqui<\/a>.<\/p>\n","protected":false},"excerpt":{"rendered":"<p>A Revista\u00a0Di\u00e1logos Internacionais recebe contribui\u00e7\u00f5es, em fluxo cont\u00ednuo, de artigos, an\u00e1lises, resenhas ou<\/p>\n","protected":false},"author":1,"featured_media":0,"parent":0,"menu_order":0,"comment_status":"closed","ping_status":"closed","template":"","meta":{"footnotes":""},"class_list":["post-1298","page","type-page","status-publish","hentry"],"_links":{"self":[{"href":"https:\/\/dialogosinternacionais.com.br\/index.php?rest_route=\/wp\/v2\/pages\/1298","targetHints":{"allow":["GET"]}}],"collection":[{"href":"https:\/\/dialogosinternacionais.com.br\/index.php?rest_route=\/wp\/v2\/pages"}],"about":[{"href":"https:\/\/dialogosinternacionais.com.br\/index.php?rest_route=\/wp\/v2\/types\/page"}],"author":[{"embeddable":true,"href":"https:\/\/dialogosinternacionais.com.br\/index.php?rest_route=\/wp\/v2\/users\/1"}],"replies":[{"embeddable":true,"href":"https:\/\/dialogosinternacionais.com.br\/index.php?rest_route=%2Fwp%2Fv2%2Fcomments&post=1298"}],"version-history":[{"count":13,"href":"https:\/\/dialogosinternacionais.com.br\/index.php?rest_route=\/wp\/v2\/pages\/1298\/revisions"}],"predecessor-version":[{"id":3445,"href":"https:\/\/dialogosinternacionais.com.br\/index.php?rest_route=\/wp\/v2\/pages\/1298\/revisions\/3445"}],"wp:attachment":[{"href":"https:\/\/dialogosinternacionais.com.br\/index.php?rest_route=%2Fwp%2Fv2%2Fmedia&parent=1298"}],"curies":[{"name":"wp","href":"https:\/\/api.w.org\/{rel}","templated":true}]}}