{"id":1299,"date":"2022-04-14T22:07:18","date_gmt":"2022-04-15T01:07:18","guid":{"rendered":"https:\/\/dialogosinternacionais.com.br\/?page_id=1299"},"modified":"2022-04-14T22:21:57","modified_gmt":"2022-04-15T01:21:57","slug":"direitos-autorais","status":"publish","type":"page","link":"https:\/\/dialogosinternacionais.com.br\/?page_id=1299","title":{"rendered":"Direitos autorais"},"content":{"rendered":"\t\t<div data-elementor-type=\"wp-page\" data-elementor-id=\"1299\" class=\"elementor elementor-1299\">\n\t\t\t\t\t\t<section class=\"elementor-section elementor-top-section elementor-element elementor-element-2580303 elementor-section-boxed elementor-section-height-default elementor-section-height-default\" data-id=\"2580303\" data-element_type=\"section\">\n\t\t\t\t\t\t<div class=\"elementor-container elementor-column-gap-default\">\n\t\t\t\t\t<div class=\"elementor-column elementor-col-100 elementor-top-column elementor-element elementor-element-4b3e9e2\" data-id=\"4b3e9e2\" data-element_type=\"column\">\n\t\t\t<div class=\"elementor-widget-wrap elementor-element-populated\">\n\t\t\t\t\t\t<div class=\"elementor-element elementor-element-8ec331c elementor-widget elementor-widget-text-editor\" data-id=\"8ec331c\" data-element_type=\"widget\" data-widget_type=\"text-editor.default\">\n\t\t\t\t<div class=\"elementor-widget-container\">\n\t\t\t\t\t\t\t\t\t<div><p>Autores que publicam nesta revista concordam com os seguintes termos:<\/p><ol><li>Autores mant\u00e9m os direitos autorais e concedem \u00e0 revista o direito de publica\u00e7\u00e3o;<\/li><li>Autores t\u00eam autoriza\u00e7\u00e3o para assumir contratos adicionais separadamente, para distribui\u00e7\u00e3o n\u00e3o-exclusiva da vers\u00e3o do trabalho publicada nesta revista (ex.: publicar em reposit\u00f3rio institucional ou como cap\u00edtulo de livro), com reconhecimento de autoria e publica\u00e7\u00e3o nesta revista;<\/li><li>Autores t\u00eam permiss\u00e3o e s\u00e3o estimulados a publicar e distribuir seu trabalho online (ex.: em reposit\u00f3rios institucionais ou na sua p\u00e1gina pessoal) a qualquer ponto antes ou durante o processo editorial, j\u00e1 que isso pode gerar altera\u00e7\u00f5es produtivas, bem como aumentar o impacto e a cita\u00e7\u00e3o do trabalho publicado.<\/li><\/ol><p>O nosso desejo \u00e9 dividir e multiplicar ideias, somando conhecimentos e informa\u00e7\u00f5es. Junte-se a n\u00f3s. Nosso correio eletr\u00f4nico \u00e9\u00a0<a href=\"mailto:dialogosinternacionais@gmail.com\">dialogosinternacionais@gmail.com<\/a>\u00a0<\/p><\/div><div><a href=\"https:\/\/dialogosinternacionais.com.br\/?page_id=406\">Em caso de d\u00favidas, entre em contato conosco.<\/a><\/div>\t\t\t\t\t\t\t\t<\/div>\n\t\t\t\t<\/div>\n\t\t\t\t\t<\/div>\n\t\t<\/div>\n\t\t\t\t\t<\/div>\n\t\t<\/section>\n\t\t\t\t<\/div>\n\t\t","protected":false},"excerpt":{"rendered":"<p>Autores que publicam nesta revista concordam com os seguintes termos: Autores mant\u00e9m os<\/p>\n","protected":false},"author":1,"featured_media":0,"parent":0,"menu_order":0,"comment_status":"closed","ping_status":"closed","template":"","meta":{"footnotes":""},"class_list":["post-1299","page","type-page","status-publish","hentry"],"_links":{"self":[{"href":"https:\/\/dialogosinternacionais.com.br\/index.php?rest_route=\/wp\/v2\/pages\/1299","targetHints":{"allow":["GET"]}}],"collection":[{"href":"https:\/\/dialogosinternacionais.com.br\/index.php?rest_route=\/wp\/v2\/pages"}],"about":[{"href":"https:\/\/dialogosinternacionais.com.br\/index.php?rest_route=\/wp\/v2\/types\/page"}],"author":[{"embeddable":true,"href":"https:\/\/dialogosinternacionais.com.br\/index.php?rest_route=\/wp\/v2\/users\/1"}],"replies":[{"embeddable":true,"href":"https:\/\/dialogosinternacionais.com.br\/index.php?rest_route=%2Fwp%2Fv2%2Fcomments&post=1299"}],"version-history":[{"count":7,"href":"https:\/\/dialogosinternacionais.com.br\/index.php?rest_route=\/wp\/v2\/pages\/1299\/revisions"}],"predecessor-version":[{"id":1333,"href":"https:\/\/dialogosinternacionais.com.br\/index.php?rest_route=\/wp\/v2\/pages\/1299\/revisions\/1333"}],"wp:attachment":[{"href":"https:\/\/dialogosinternacionais.com.br\/index.php?rest_route=%2Fwp%2Fv2%2Fmedia&parent=1299"}],"curies":[{"name":"wp","href":"https:\/\/api.w.org\/{rel}","templated":true}]}}