{"id":3,"date":"2022-03-21T22:58:13","date_gmt":"2022-03-22T01:58:13","guid":{"rendered":"https:\/\/dialogosinternacionais.com.br\/?page_id=3"},"modified":"2022-05-02T12:22:24","modified_gmt":"2022-05-02T15:22:24","slug":"politica-de-privacidade","status":"publish","type":"page","link":"https:\/\/dialogosinternacionais.com.br\/?page_id=3","title":{"rendered":"Pol\u00edtica de privacidade"},"content":{"rendered":"\t\t<div data-elementor-type=\"wp-page\" data-elementor-id=\"3\" class=\"elementor elementor-3\">\n\t\t\t\t\t\t<section class=\"elementor-section elementor-top-section elementor-element elementor-element-9dcffc elementor-section-boxed elementor-section-height-default elementor-section-height-default\" data-id=\"9dcffc\" data-element_type=\"section\">\n\t\t\t\t\t\t<div class=\"elementor-container elementor-column-gap-default\">\n\t\t\t\t\t<div class=\"elementor-column elementor-col-100 elementor-top-column elementor-element elementor-element-9ebb9ae\" data-id=\"9ebb9ae\" data-element_type=\"column\">\n\t\t\t<div class=\"elementor-widget-wrap elementor-element-populated\">\n\t\t\t\t\t\t<div class=\"elementor-element elementor-element-17a50b91 elementor-widget elementor-widget-text-editor\" data-id=\"17a50b91\" data-element_type=\"widget\" data-widget_type=\"text-editor.default\">\n\t\t\t\t<div class=\"elementor-widget-container\">\n\t\t\t\t\t\t\t\t\t<p><\/p>\n<h2 class=\"wp-block-heading\">Quem somos<\/h2>\n<p><\/p>\n<p><\/p>\n<p>Di\u00e1logos Internacionais\u00a0\u00e9 uma revista on line independente que tem o objetivo de discutir publicar artigos cient\u00edficos e de an\u00e1lise da conjuntura, sobre temas da atualidade e da hist\u00f3ria, com foco, n\u00e3o exclusivo, na cena internacional.\u00a0As opini\u00f5es aqui expressas s\u00e3o de inteira responsabilidade dos seus autores e n\u00e3o representam as opini\u00f5es dos editores ou das institui\u00e7\u00f5es \u00e0s quais est\u00e3o vinculados.<\/p>\n<p><\/p>\n<p><\/p>\n<h2 class=\"wp-block-heading\">Coment\u00e1rios<\/h2>\n<p><\/p>\n<p><\/p>\n<p><\/p>\n<p><\/p>\n<h4 class=\"wp-block-heading\">Pol\u00edtica sobre Coment\u00e1rios<\/h4>\n<p><\/p>\n<p><\/p>\n<p><strong>Di\u00e1logos Internacionais<\/strong>\u00a0\u00e9 uma revista aberta \u00e0 opini\u00e3o de todos os nossos leitores. Cr\u00edticas, sugest\u00f5es e elogios ser\u00e3o sempre bem-vindos. No entanto, informamos que coment\u00e1rios ofensivos, preconceituosos, ou que desqualifiquem nossos autores e\/ou leitores ser\u00e3o exclu\u00eddos impreterivelmente. O objetivo de nossa pol\u00edtica sobre coment\u00e1rios \u00e9 resguardar a integridade de todos os envolvidos nesta constru\u00e7\u00e3o coletiva do saber internacional.<br \/>Em caso de d\u00favida, favor entrar em\u00a0<a href=\"https:\/\/dialogosinternacionais.com.br\/?page_id=406\" target=\"_blank\" rel=\"noopener\">contato conosco<\/a>.<\/p>\n<p><\/p>\n<p><\/p>\n<h2 class=\"wp-block-heading\">Cookies<\/h2>\n<p><\/p>\n<p><\/p>\n<p>Ao deixar um coment\u00e1rio no site, voc\u00ea poder\u00e1 optar por salvar seu nome, e-mail e site nos cookies. Isso visa seu conforto, assim voc\u00ea n\u00e3o precisar\u00e1 preencher seus dados novamente quando fizer outro coment\u00e1rio. Estes cookies duram um ano.<\/p>\n<p><\/p>\n<p><\/p>\n<p>Se voc\u00ea editar ou publicar um artigo, um cookie adicional ser\u00e1 salvo no seu navegador. Este cookie n\u00e3o inclui nenhum dado pessoal e simplesmente indica o ID do post referente ao artigo que voc\u00ea acabou de editar. Ele expira depois de 1 dia.<\/p>\n<p><\/p>\n<p><\/p>\n<h2 class=\"wp-block-heading\">M\u00eddia incorporada de outros sites<\/h2>\n<p><\/p>\n<p><\/p>\n<p>Artigos neste site podem incluir conte\u00fado incorporado como, por exemplo, v\u00eddeos, imagens, artigos, etc. Conte\u00fados incorporados de outros sites se comportam exatamente da mesma forma como se o visitante estivesse visitando o outro site.<\/p>\n<p><\/p>\n<p><\/p>\n<h2 class=\"wp-block-heading\">Para onde enviamos seus dados<\/h2>\n<p><\/p>\n<p><\/p>\n<p>Os coment\u00e1rios de visitantes podem ser marcados por um servi\u00e7o autom\u00e1tico de detec\u00e7\u00e3o de spam, os envios de publica\u00e7\u00e3o ser\u00e3o analisada somente pela equipe respons\u00e1vel pelo site.<\/p>\n<p><\/p>\t\t\t\t\t\t\t\t<\/div>\n\t\t\t\t<\/div>\n\t\t\t\t\t<\/div>\n\t\t<\/div>\n\t\t\t\t\t<\/div>\n\t\t<\/section>\n\t\t\t\t<\/div>\n\t\t","protected":false},"excerpt":{"rendered":"<p>Quem somos Di\u00e1logos Internacionais\u00a0\u00e9 uma revista on line independente que tem o objetivo<\/p>\n","protected":false},"author":1,"featured_media":0,"parent":0,"menu_order":0,"comment_status":"closed","ping_status":"open","template":"","meta":{"footnotes":""},"class_list":["post-3","page","type-page","status-publish","hentry"],"_links":{"self":[{"href":"https:\/\/dialogosinternacionais.com.br\/index.php?rest_route=\/wp\/v2\/pages\/3","targetHints":{"allow":["GET"]}}],"collection":[{"href":"https:\/\/dialogosinternacionais.com.br\/index.php?rest_route=\/wp\/v2\/pages"}],"about":[{"href":"https:\/\/dialogosinternacionais.com.br\/index.php?rest_route=\/wp\/v2\/types\/page"}],"author":[{"embeddable":true,"href":"https:\/\/dialogosinternacionais.com.br\/index.php?rest_route=\/wp\/v2\/users\/1"}],"replies":[{"embeddable":true,"href":"https:\/\/dialogosinternacionais.com.br\/index.php?rest_route=%2Fwp%2Fv2%2Fcomments&post=3"}],"version-history":[{"count":46,"href":"https:\/\/dialogosinternacionais.com.br\/index.php?rest_route=\/wp\/v2\/pages\/3\/revisions"}],"predecessor-version":[{"id":2311,"href":"https:\/\/dialogosinternacionais.com.br\/index.php?rest_route=\/wp\/v2\/pages\/3\/revisions\/2311"}],"wp:attachment":[{"href":"https:\/\/dialogosinternacionais.com.br\/index.php?rest_route=%2Fwp%2Fv2%2Fmedia&parent=3"}],"curies":[{"name":"wp","href":"https:\/\/api.w.org\/{rel}","templated":true}]}}